{"id":489,"date":"2015-10-30T15:33:39","date_gmt":"2015-10-30T15:33:39","guid":{"rendered":"http:\/\/www.talentohumano.cotecnova.edu.co\/?page_id=489"},"modified":"2020-12-11T08:27:38","modified_gmt":"2020-12-11T13:27:38","slug":"acuerdos","status":"publish","type":"page","link":"https:\/\/talentohumano.cotecnova.edu.co\/index.php\/acuerdos","title":{"rendered":"Acuerdos"},"content":{"rendered":"<div  class='tabcontainer av-nqcjt-867469dfbed366b3a2b21e9824444f95 top_tab  avia-builder-el-0  el_before_av_one_full  avia-builder-el-first ' role='tablist'>\n<section class='av_tab_section av_tab_section av-av_tab-d9ff0c60bb20982c8f2a5435c37ee309'  itemscope=\"itemscope\" itemtype=\"https:\/\/schema.org\/CreativeWork\" ><div class='tab active_tab' role='tab' tabindex='0' data-fake-id='#tab-id-1' aria-controls='tab-id-1-content'  itemprop=\"headline\" ><span class='tab_icon' aria-hidden='true' data-av_icon='\ue82a' data-av_iconfont='entypo-fontello'><\/span>Acuerdo N\u00b0 009-2016<\/div><div id='tab-id-1-content' class='tab_content active_tab_content' aria-hidden=\"false\"><div class='tab_inner_content invers-color'  itemprop=\"text\" ><p><a href=\"https:\/\/www.talentohumano.appcotecnova.es\/wp-content\/uploads\/2020\/11\/Acuerdos\/Acuerdo_Nro_009-2016-Reglamento-apoyos.pdf\" target=\"_blank\" rel=\"noopener\">Acuerdo N\u00b0 009-2016 Por medio del cual se actualiza el reglamento para la asignaci\u00f3n de apoyos econ\u00f3micos para formaci\u00f3n de pregrado y postgrado del personal de planta: docentes, investigadores y personal administrativo<\/a><\/p>\n<\/div><\/div><\/section>\n<section class='av_tab_section av_tab_section av-av_tab-6062eb29a1594b00335b856799b4fd07'  itemscope=\"itemscope\" itemtype=\"https:\/\/schema.org\/CreativeWork\" ><div class='tab' role='tab' tabindex='0' data-fake-id='#tab-id-2' aria-controls='tab-id-2-content'  itemprop=\"headline\" ><span class='tab_icon' aria-hidden='true' data-av_icon='\ue84d' data-av_iconfont='entypo-fontello'><\/span>Acuerdo N\u00b0 009-2019<\/div><div id='tab-id-2-content' class='tab_content' aria-hidden=\"true\"><div class='tab_inner_content invers-color'  itemprop=\"text\" ><p><a href=\"https:\/\/www.talentohumano.appcotecnova.es\/wp-content\/uploads\/2020\/11\/Acuerdos\/Acuerdo_Nro_009-2019-Reestructura-Escala-Salarial.PDF\" target=\"_blank\" rel=\"noopener\">Acuerdo N\u00b0 009-2019 Por medio de la cual se Reestructura la Escala Salarial de la Instituci\u00f3n<\/a><\/p>\n<\/div><\/div><\/section>\n<section class='av_tab_section av_tab_section av-av_tab-7083a3696c1a1f63ba34f75d2fb021d1'  itemscope=\"itemscope\" itemtype=\"https:\/\/schema.org\/CreativeWork\" ><div class='tab' role='tab' tabindex='0' data-fake-id='#tab-id-3' aria-controls='tab-id-3-content'  itemprop=\"headline\" ><span class='tab_icon' aria-hidden='true' data-av_icon='\ue835' data-av_iconfont='entypo-fontello'><\/span>Acuerdo N\u00b0 016-2019<\/div><div id='tab-id-3-content' class='tab_content' aria-hidden=\"true\"><div class='tab_inner_content invers-color'  itemprop=\"text\" ><p><a href=\"https:\/\/www.talentohumano.appcotecnova.es\/wp-content\/uploads\/2020\/11\/Acuerdos\/Acuerdo_Nro_016-2019-Vr-Hora-Docente.PDF\" target=\"_blank\" rel=\"noopener\">Acuerdo N\u00b0 016-2019 Por medio de la Cual se define el Valor de Hora C\u00e1tedra Docentes Catedr\u00e1ticos<\/a><\/p>\n<\/div><\/div><\/section>\n<\/div>\n\n<style type=\"text\/css\" data-created_by=\"avia_inline_auto\" id=\"style-css-av-em3f5-26b3f2b1d28afa03fb1e7398ee11458a\">\n.flex_column.av-em3f5-26b3f2b1d28afa03fb1e7398ee11458a{\n-webkit-border-radius:0px 0px 0px 0px;\n-moz-border-radius:0px 0px 0px 0px;\nborder-radius:0px 0px 0px 0px;\npadding:0px 0px 0px 0px;\n}\n<\/style>\n<div class='flex_column av-em3f5-26b3f2b1d28afa03fb1e7398ee11458a av_one_full  avia-builder-el-1  el_after_av_tab_container  avia-builder-el-last  first flex_column_div av-zero-column-padding '     ><style type=\"text\/css\" data-created_by=\"avia_inline_auto\" id=\"style-css-av-2l6jl-42473d826c35740e49434779671618a9\">\n.avia-image-container.av-2l6jl-42473d826c35740e49434779671618a9 img.avia_image{\nbox-shadow:none;\n}\n.avia-image-container.av-2l6jl-42473d826c35740e49434779671618a9 .av-image-caption-overlay-center{\ncolor:#ffffff;\n}\n<\/style>\n<div  class='avia-image-container av-2l6jl-42473d826c35740e49434779671618a9 av-styling-circle av-hover-grow avia-align-center  avia-builder-el-2  avia-builder-el-no-sibling '   itemprop=\"image\" itemscope=\"itemscope\" itemtype=\"https:\/\/schema.org\/ImageObject\" ><div class=\"avia-image-container-inner\"><div class=\"avia-image-overlay-wrap\"><img decoding=\"async\" class='wp-image-828 avia-img-lazy-loading-not-828 avia_image ' src=\"https:\/\/talentohumano.cotecnova.edu.co\/wp-content\/uploads\/2020\/12\/computer-icon-2384752_960_720-495x400.png\" alt='' title='computer-icon-2384752_960_720'  height=\"400\" width=\"495\"  itemprop=\"thumbnailUrl\"  \/><\/div><\/div><\/div><\/div>\n","protected":false},"excerpt":{"rendered":"","protected":false},"author":1,"featured_media":0,"parent":0,"menu_order":0,"comment_status":"closed","ping_status":"closed","template":"","meta":{"footnotes":""},"class_list":["post-489","page","type-page","status-publish","hentry"],"_links":{"self":[{"href":"https:\/\/talentohumano.cotecnova.edu.co\/index.php\/wp-json\/wp\/v2\/pages\/489"}],"collection":[{"href":"https:\/\/talentohumano.cotecnova.edu.co\/index.php\/wp-json\/wp\/v2\/pages"}],"about":[{"href":"https:\/\/talentohumano.cotecnova.edu.co\/index.php\/wp-json\/wp\/v2\/types\/page"}],"author":[{"embeddable":true,"href":"https:\/\/talentohumano.cotecnova.edu.co\/index.php\/wp-json\/wp\/v2\/users\/1"}],"replies":[{"embeddable":true,"href":"https:\/\/talentohumano.cotecnova.edu.co\/index.php\/wp-json\/wp\/v2\/comments?post=489"}],"version-history":[{"count":31,"href":"https:\/\/talentohumano.cotecnova.edu.co\/index.php\/wp-json\/wp\/v2\/pages\/489\/revisions"}],"predecessor-version":[{"id":1495,"href":"https:\/\/talentohumano.cotecnova.edu.co\/index.php\/wp-json\/wp\/v2\/pages\/489\/revisions\/1495"}],"wp:attachment":[{"href":"https:\/\/talentohumano.cotecnova.edu.co\/index.php\/wp-json\/wp\/v2\/media?parent=489"}],"curies":[{"name":"wp","href":"https:\/\/api.w.org\/{rel}","templated":true}]}}